{"id":236,"date":"2026-02-13T17:09:04","date_gmt":"2026-02-13T17:09:04","guid":{"rendered":"https:\/\/iiarlatam.com\/?post_type=product&#038;p=236"},"modified":"2026-02-13T17:42:46","modified_gmt":"2026-02-13T17:42:46","slug":"suscripcion","status":"publish","type":"product","link":"https:\/\/iiarlatam.com\/index.php\/producto\/suscripcion\/","title":{"rendered":"Suscripcion"},"content":{"rendered":"<p><strong>Descripci\u00f3n:<\/strong> Es el evento t\u00e9cnico m\u00e1s importante de Latinoam\u00e9rica dedicado exclusivamente a la refrigeraci\u00f3n industrial con refrigerantes naturales. Durante dos jornadas intensivas, especialistas internacionales compartir\u00e1n conocimientos t\u00e9cnicos, experiencias reales y mejores pr\u00e1cticas.<\/p>\n<p><strong>Puntos Clave:<\/strong><\/p>\n<ul>\n<li>Sin presentaciones comerciales en el programa t\u00e9cnico.<\/li>\n<li>Enfoque en seguridad, normativa y eficiencia energ\u00e9tica.<\/li>\n<li>Networking de alto nivel con tomadores de decisi\u00f3n.<\/li>\n<\/ul>\n","protected":false},"excerpt":{"rendered":"<p><strong>Descripci\u00f3n:<\/strong> Es el evento t\u00e9cnico m\u00e1s importante de Latinoam\u00e9rica dedicado exclusivamente a la refrigeraci\u00f3n industrial con refrigerantes naturales. Durante dos jornadas intensivas, especialistas internacionales compartir\u00e1n conocimientos t\u00e9cnicos, experiencias reales y mejores pr\u00e1cticas.<\/p>\n<p><strong>Puntos Clave:<\/strong><\/p>\n<ul>\n<li>Sin presentaciones comerciales en el programa t\u00e9cnico.<\/li>\n<li>Enfoque en seguridad, normativa y eficiencia energ\u00e9tica.<\/li>\n<li>Networking de alto nivel con tomadores de decisi\u00f3n.<\/li>\n<\/ul>\n","protected":false},"featured_media":237,"comment_status":"open","ping_status":"closed","template":"","meta":[],"product_brand":[],"product_cat":[26],"product_tag":[],"class_list":{"0":"post-236","1":"product","2":"type-product","3":"status-publish","4":"has-post-thumbnail","6":"product_cat-suscripcion","8":"first","9":"instock","10":"shipping-taxable","11":"purchasable","12":"product-type-simple"},"_links":{"self":[{"href":"https:\/\/iiarlatam.com\/index.php\/wp-json\/wp\/v2\/product\/236","targetHints":{"allow":["GET"]}}],"collection":[{"href":"https:\/\/iiarlatam.com\/index.php\/wp-json\/wp\/v2\/product"}],"about":[{"href":"https:\/\/iiarlatam.com\/index.php\/wp-json\/wp\/v2\/types\/product"}],"replies":[{"embeddable":true,"href":"https:\/\/iiarlatam.com\/index.php\/wp-json\/wp\/v2\/comments?post=236"}],"wp:featuredmedia":[{"embeddable":true,"href":"https:\/\/iiarlatam.com\/index.php\/wp-json\/wp\/v2\/media\/237"}],"wp:attachment":[{"href":"https:\/\/iiarlatam.com\/index.php\/wp-json\/wp\/v2\/media?parent=236"}],"wp:term":[{"taxonomy":"product_brand","embeddable":true,"href":"https:\/\/iiarlatam.com\/index.php\/wp-json\/wp\/v2\/product_brand?post=236"},{"taxonomy":"product_cat","embeddable":true,"href":"https:\/\/iiarlatam.com\/index.php\/wp-json\/wp\/v2\/product_cat?post=236"},{"taxonomy":"product_tag","embeddable":true,"href":"https:\/\/iiarlatam.com\/index.php\/wp-json\/wp\/v2\/product_tag?post=236"}],"curies":[{"name":"wp","href":"https:\/\/api.w.org\/{rel}","templated":true}]}}